{"id":274,"date":"2018-02-19T08:18:47","date_gmt":"2018-02-19T08:18:47","guid":{"rendered":"http:\/\/pintsandcrafts.edge-themes.com\/?page_id=274"},"modified":"2026-04-13T09:04:15","modified_gmt":"2026-04-13T09:04:15","slug":"kontakt","status":"publish","type":"page","link":"https:\/\/www.browarbury.pl\/index.php\/kontakt\/","title":{"rendered":"Kontakt"},"content":{"rendered":"[vc_row row_content_width=&#8221;grid&#8221; css=&#8221;.vc_custom_1520422411566{padding-bottom: 90px !important;}&#8221;][vc_column offset=&#8221;vc_col-lg-6 vc_col-md-12 vc_col-xs-12&#8243;][vc_column_text]\r\n<h4>Wy\u015blij wiadomo\u015b\u0107<\/h4>\r\n[\/vc_column_text][vc_empty_space height=&#8221;25px&#8221;][vc_column_text]Jeste\u015b zainteresowany wsp\u00f3\u0142prac\u0105? Chcia\u0142by\u015b kupi\u0107 nasze piwo? Mo\u017ce po prostu chcesz nas o co\u015b spyta\u0107? Nie kr\u0119puj si\u0119 i u\u017cyj formularza:[\/vc_column_text][vc_empty_space height=&#8221;34px&#8221;]<div role=\"form\" class=\"wpcf7\" id=\"wpcf7-f781-o1\" lang=\"en-US\" dir=\"ltr\">\n<div class=\"screen-reader-response\"><p role=\"status\" aria-live=\"polite\" aria-atomic=\"true\"><\/p> <ul><\/ul><\/div>\n<form action=\"\/index.php\/wp-json\/wp\/v2\/pages\/274#wpcf7-f781-o1\" method=\"post\" class=\"wpcf7-form init cf7_custom_style_2\" novalidate=\"novalidate\" data-status=\"init\">\n<div style=\"display: none;\">\n<input type=\"hidden\" name=\"_wpcf7\" value=\"781\" \/>\n<input type=\"hidden\" name=\"_wpcf7_version\" value=\"5.3.2\" \/>\n<input type=\"hidden\" name=\"_wpcf7_locale\" value=\"en_US\" \/>\n<input type=\"hidden\" name=\"_wpcf7_unit_tag\" value=\"wpcf7-f781-o1\" \/>\n<input type=\"hidden\" name=\"_wpcf7_container_post\" value=\"0\" \/>\n<input type=\"hidden\" name=\"_wpcf7_posted_data_hash\" value=\"\" \/>\n<\/div>\n<p><span class=\"wpcf7-form-control-wrap your-message\"><textarea name=\"your-message\" cols=\"40\" rows=\"10\" class=\"wpcf7-form-control wpcf7-textarea edgtf-disable-bottom-border edgtf-disable-ipad-bottom-border\" aria-invalid=\"false\" placeholder=\"Twoja wiadomo\u015b\u0107\"><\/textarea><\/span><\/p>\n<div class=\"edgtf-grid-row edgtf-grid-no-gutter\">\n<div class=\"edgtf-grid-col-6\">\n<span class=\"wpcf7-form-control-wrap your-name\"><input type=\"text\" name=\"your-name\" value=\"\" size=\"40\" class=\"wpcf7-form-control wpcf7-text wpcf7-validates-as-required edgtf-disable-right-border edgtf-disable-ipad-bottom-border\" aria-required=\"true\" aria-invalid=\"false\" placeholder=\"Imi\u0119*\" \/><\/span>\n <\/div>\n<div class=\"edgtf-grid-col-6\">\n<span class=\"wpcf7-form-control-wrap your-email\"><input type=\"email\" name=\"your-email\" value=\"\" size=\"40\" class=\"wpcf7-form-control wpcf7-text wpcf7-email wpcf7-validates-as-required wpcf7-validates-as-email\" aria-required=\"true\" aria-invalid=\"false\" placeholder=\"Email*\" \/><\/span>\n <\/div>\n<\/div>\n<p><input type=\"submit\" value=\"Wy\u015blij\" class=\"wpcf7-form-control wpcf7-submit\" \/><\/p>\n<div class=\"wpcf7-response-output\" aria-hidden=\"true\"><\/div><\/form><\/div>[vc_empty_space height=&#8221;40px&#8221;][\/vc_column][vc_column offset=&#8221;vc_col-lg-6 vc_col-md-12 vc_col-xs-12&#8243;]<div class=\"edgtf-elements-holder   edgtf-two-columns  edgtf-responsive-mode-768 \" ><div class=\"edgtf-eh-item    \"  data-item-class=\"edgtf-eh-custom-7129\" data-1280-1600=\"0 0 0 30px\" data-1024-1280=\"0 0 0 30px\" data-768-1024=\"20px 0\" data-680-768=\"10px 0\" data-680=\"0 0\">\n\t<div class=\"edgtf-eh-item-inner\">\n\t\t<div class=\"edgtf-eh-item-content edgtf-eh-custom-7129\" style=\"padding: 0 0 0 38px\">\n\t\t\t[vc_column_text]\r\n<h4>BIURO<\/h4>\r\n[\/vc_column_text][vc_empty_space height=&#8221;38px&#8221;][vc_column_text]\r\n<h5 style=\"color: #777777;\">ADRES:<\/h5>\r\n[\/vc_column_text][vc_column_text]Browar Bury\r\nul. Stanis\u0142awa Lema 17\r\n43-603 Jaworzno[\/vc_column_text][vc_empty_space height=&#8221;36px&#8221;][vc_column_text]\r\n<h5 style=\"color: #777777;\">TELEFON:<\/h5>\r\n[\/vc_column_text][vc_column_text]+48 32 751 00 10[\/vc_column_text][vc_column_text]+48 606 942 863[\/vc_column_text][vc_empty_space height=&#8221;36px&#8221;][vc_column_text]\r\n<h5 style=\"color: #777777;\">SKONTAKTUJ SI\u0118 Z NASZYM HANDLOWCEM<\/h5>\r\n[\/vc_column_text][vc_column_text]+48 696 448 559[\/vc_column_text][vc_empty_space height=&#8221;36px&#8221;][vc_column_text]\r\n<h5 style=\"color: #777777;\">EMAIL<\/h5>\r\n[\/vc_column_text][vc_column_text]biuro@browarbury.pl[\/vc_column_text]\t\t<\/div>\n\t<\/div>\n<\/div><div class=\"edgtf-eh-item    \"  data-item-class=\"edgtf-eh-custom-5203\" data-1280-1600=\"0 0 0 60px\" data-1024-1280=\"0 0 0 60px\" data-768-1024=\"0 0\" data-680-768=\"50px 0 0 0\" data-680=\"40px 0 0 0\">\n\t<div class=\"edgtf-eh-item-inner\">\n\t\t<div class=\"edgtf-eh-item-content edgtf-eh-custom-5203\" style=\"padding: 0 0 0 78px\">\n\t\t\t[vc_empty_space height=&#8221;38px&#8221;][vc_column_text]\r\n<h5 style=\"color: #777777;\">GODZINY OTWARCIA:<\/h5>\r\n[\/vc_column_text][vc_column_text]PONIEDZIA\u0141EK: 8:00 \u2013 16:00\r\nWTOREK: 8:00 \u2013 16:00\r\n\u015aRODA: 8:00 \u2013 16:00\r\nCZWARTEK: 8:00 \u2013 16:00\r\nPI\u0104TEK: 8:00 \u2013 16:00\r\nSOBOTA: Nieczynne\r\nNIEDZIELA: Nieczynne[\/vc_column_text][vc_empty_space height=&#8221;36px&#8221;]\t\t<\/div>\n\t<\/div>\n<\/div><\/div>[vc_empty_space height=&#8221;40px&#8221;][\/vc_column][\/vc_row][vc_row][vc_column][vc_gmaps link=&#8221;#E-8_JTNDaWZyYW1lJTIwc3JjJTNEJTIyaHR0cHMlM0ElMkYlMkZ3d3cuZ29vZ2xlLmNvbSUyRm1hcHMlMkZlbWJlZCUzRnBiJTNEJTIxMW0xOCUyMTFtMTIlMjExbTMlMjExZDUxMDUuNjEwNjc2ODQ2NzgzNSUyMTJkMTkuMjE4NzkxMzQxNjM1MjIlMjEzZDUwLjIyMDg1Nzk5OTM1ODQxJTIxMm0zJTIxMWYwJTIxMmYwJTIxM2YwJTIxM20yJTIxMWkxMDI0JTIxMmk3NjglMjE0ZjEzLjElMjEzbTMlMjExbTIlMjExczB4NDcxNmMzNzg5ZDM3MWIzZiUyNTNBMHgyNjg2Nzc2MTA4MzU3YzUwJTIxMnNCcm93YXIlMjUyMEJ1cnklMjE1ZTAlMjEzbTIlMjExc3BsJTIxMnNwbCUyMTR2MTU3NjY2Mjk1NDU2NiUyMTVtMiUyMTFzcGwlMjEyc3BsJTIyJTIwd2lkdGglM0QlMjI2MDAlMjIlMjBoZWlnaHQlM0QlMjI0NTAlMjIlMjBmcmFtZWJvcmRlciUzRCUyMjAlMjIlMjBzdHlsZSUzRCUyMmJvcmRlciUzQTAlM0IlMjIlMjBhbGxvd2Z1bGxzY3JlZW4lM0QlMjIlMjIlM0UlM0MlMkZpZnJhbWUlM0U=&#8221;][\/vc_column][\/vc_row]","protected":false},"excerpt":{"rendered":"[vc_row row_content_width=&#8221;grid&#8221; css=&#8221;.vc_custom_1520422411566{padding-bottom: 90px !important;}&#8221;][vc_column offset=&#8221;vc_col-lg-6 vc_col-md-12 vc_col-xs-12&#8243;][vc_column_text] Wy\u015blij wiadomo\u015b\u0107 [\/vc_column_text][vc_empty_space height=&#8221;25px&#8221;][vc_column_text]Jeste\u015b zainteresowany wsp\u00f3\u0142prac\u0105? Chcia\u0142by\u015b kupi\u0107 nasze piwo? Mo\u017ce po prostu chcesz nas o co\u015b spyta\u0107? Nie kr\u0119puj si\u0119 i u\u017cyj formularza:[\/vc_column_text][vc_empty_space height=&#8221;34px&#8221;][vc_empty_space height=&#8221;40px&#8221;][\/vc_column][vc_column offset=&#8221;vc_col-lg-6 vc_col-md-12 vc_col-xs-12&#8243;][vc_empty_space height=&#8221;40px&#8221;][\/vc_column][\/vc_row][vc_row][vc_column][vc_gmaps link=&#8221;#E-8_JTNDaWZyYW1lJTIwc3JjJTNEJTIyaHR0cHMlM0ElMkYlMkZ3d3cuZ29vZ2xlLmNvbSUyRm1hcHMlMkZlbWJlZCUzRnBiJTNEJTIxMW0xOCUyMTFtMTIlMjExbTMlMjExZDUxMDUuNjEwNjc2ODQ2NzgzNSUyMTJkMTkuMjE4NzkxMzQxNjM1MjIlMjEzZDUwLjIyMDg1Nzk5OTM1ODQxJTIxMm0zJTIxMWYwJTIxMmYwJTIxM2YwJTIxM20yJTIxMWkxMDI0JTIxMmk3NjglMjE0ZjEzLjElMjEzbTMlMjExbTIlMjExczB4NDcxNmMzNzg5ZDM3MWIzZiUyNTNBMHgyNjg2Nzc2MTA4MzU3YzUwJTIxMnNCcm93YXIlMjUyMEJ1cnklMjE1ZTAlMjEzbTIlMjExc3BsJTIxMnNwbCUyMTR2MTU3NjY2Mjk1NDU2NiUyMTVtMiUyMTFzcGwlMjEyc3BsJTIyJTIwd2lkdGglM0QlMjI2MDAlMjIlMjBoZWlnaHQlM0QlMjI0NTAlMjIlMjBmcmFtZWJvcmRlciUzRCUyMjAlMjIlMjBzdHlsZSUzRCUyMmJvcmRlciUzQTAlM0IlMjIlMjBhbGxvd2Z1bGxzY3JlZW4lM0QlMjIlMjIlM0UlM0MlMkZpZnJhbWUlM0U=&#8221;][\/vc_column][\/vc_row]","protected":false},"author":1,"featured_media":0,"parent":0,"menu_order":0,"comment_status":"closed","ping_status":"closed","template":"full-width.php","meta":{"ngg_post_thumbnail":0},"_links":{"self":[{"href":"https:\/\/www.browarbury.pl\/index.php\/wp-json\/wp\/v2\/pages\/274"}],"collection":[{"href":"https:\/\/www.browarbury.pl\/index.php\/wp-json\/wp\/v2\/pages"}],"about":[{"href":"https:\/\/www.browarbury.pl\/index.php\/wp-json\/wp\/v2\/types\/page"}],"author":[{"embeddable":true,"href":"https:\/\/www.browarbury.pl\/index.php\/wp-json\/wp\/v2\/users\/1"}],"replies":[{"embeddable":true,"href":"https:\/\/www.browarbury.pl\/index.php\/wp-json\/wp\/v2\/comments?post=274"}],"version-history":[{"count":19,"href":"https:\/\/www.browarbury.pl\/index.php\/wp-json\/wp\/v2\/pages\/274\/revisions"}],"predecessor-version":[{"id":4771,"href":"https:\/\/www.browarbury.pl\/index.php\/wp-json\/wp\/v2\/pages\/274\/revisions\/4771"}],"wp:attachment":[{"href":"https:\/\/www.browarbury.pl\/index.php\/wp-json\/wp\/v2\/media?parent=274"}],"curies":[{"name":"wp","href":"https:\/\/api.w.org\/{rel}","templated":true}]}}