{"id":348,"date":"2018-02-19T09:49:53","date_gmt":"2018-02-19T09:49:53","guid":{"rendered":"http:\/\/pintsandcrafts.edge-themes.com\/?page_id=348"},"modified":"2024-07-12T13:59:27","modified_gmt":"2024-07-12T13:59:27","slug":"o-browarze","status":"publish","type":"page","link":"https:\/\/www.browarbury.pl\/index.php\/o-browarze\/","title":{"rendered":"Browar Bury"},"content":{"rendered":"[vc_row row_content_width=&#8221;grid&#8221; css=&#8221;.vc_custom_1520422251806{padding-bottom: 100px !important;}&#8221;][vc_column width=&#8221;1\/2&#8243; offset=&#8221;vc_col-lg-6 vc_col-md-12 vc_col-xs-12&#8243;]<div class=\"edgtf-elements-holder   edgtf-one-column  edgtf-responsive-mode-768 \" ><div class=\"edgtf-eh-item    \"  data-item-class=\"edgtf-eh-custom-7436\" data-1280-1600=\"0 0\" data-1024-1280=\"0 0\">\n\t<div class=\"edgtf-eh-item-inner\">\n\t\t<div class=\"edgtf-eh-item-content edgtf-eh-custom-7436\" style=\"padding: 0 0 0 0\">\n\t\t\t[vc_empty_space height=&#8221;30px&#8221;][vc_empty_space height=&#8221;40px&#8221;]<div class=\"edgtf-single-image-holder   \">\n    <div class=\"edgtf-si-inner\" >\n                                    <img width=\"607\" height=\"607\" src=\"https:\/\/www.browarbury.pl\/wp-content\/uploads\/2019\/12\/piwko.png\" class=\"attachment-full size-full\" alt=\"\" loading=\"lazy\" srcset=\"https:\/\/www.browarbury.pl\/wp-content\/uploads\/2019\/12\/piwko.png 607w, https:\/\/www.browarbury.pl\/wp-content\/uploads\/2019\/12\/piwko-300x300.png 300w, https:\/\/www.browarbury.pl\/wp-content\/uploads\/2019\/12\/piwko-150x150.png 150w, https:\/\/www.browarbury.pl\/wp-content\/uploads\/2019\/12\/piwko-110x110.png 110w, https:\/\/www.browarbury.pl\/wp-content\/uploads\/2019\/12\/piwko-550x550.png 550w, https:\/\/www.browarbury.pl\/wp-content\/uploads\/2019\/12\/piwko-600x600.png 600w, https:\/\/www.browarbury.pl\/wp-content\/uploads\/2019\/12\/piwko-100x100.png 100w\" sizes=\"(max-width: 607px) 100vw, 607px\" \/>                        <\/div>\n<\/div>[vc_empty_space height=&#8221;40px&#8221;][vc_empty_space height=&#8221;40px&#8221;][vc_empty_space height=&#8221;40px&#8221;][vc_empty_space height=&#8221;40px&#8221;]<div class=\"edgtf-single-image-holder   \">\n    <div class=\"edgtf-si-inner\" >\n                                    <img width=\"2560\" height=\"1600\" src=\"https:\/\/www.browarbury.pl\/wp-content\/uploads\/2020\/01\/arozlew-001-scaled.jpg\" class=\"attachment-full size-full\" alt=\"\" loading=\"lazy\" srcset=\"https:\/\/www.browarbury.pl\/wp-content\/uploads\/2020\/01\/arozlew-001-scaled.jpg 2560w, https:\/\/www.browarbury.pl\/wp-content\/uploads\/2020\/01\/arozlew-001-300x188.jpg 300w, https:\/\/www.browarbury.pl\/wp-content\/uploads\/2020\/01\/arozlew-001-1024x640.jpg 1024w, https:\/\/www.browarbury.pl\/wp-content\/uploads\/2020\/01\/arozlew-001-768x480.jpg 768w, https:\/\/www.browarbury.pl\/wp-content\/uploads\/2020\/01\/arozlew-001-1536x960.jpg 1536w, https:\/\/www.browarbury.pl\/wp-content\/uploads\/2020\/01\/arozlew-001-110x69.jpg 110w, https:\/\/www.browarbury.pl\/wp-content\/uploads\/2020\/01\/arozlew-001-600x375.jpg 600w\" sizes=\"(max-width: 2560px) 100vw, 2560px\" \/>                        <\/div>\n<\/div>[vc_empty_space height=&#8221;40px&#8221;][vc_empty_space height=&#8221;40px&#8221;][vc_empty_space height=&#8221;40px&#8221;][vc_empty_space height=&#8221;40px&#8221;]<div class=\"edgtf-single-image-holder   \">\n    <div class=\"edgtf-si-inner\" >\n                                    <img width=\"2404\" height=\"1772\" src=\"https:\/\/www.browarbury.pl\/wp-content\/uploads\/2020\/01\/aP4250026.jpg\" class=\"attachment-full size-full\" alt=\"\" loading=\"lazy\" srcset=\"https:\/\/www.browarbury.pl\/wp-content\/uploads\/2020\/01\/aP4250026.jpg 2404w, https:\/\/www.browarbury.pl\/wp-content\/uploads\/2020\/01\/aP4250026-300x221.jpg 300w, https:\/\/www.browarbury.pl\/wp-content\/uploads\/2020\/01\/aP4250026-1024x755.jpg 1024w, https:\/\/www.browarbury.pl\/wp-content\/uploads\/2020\/01\/aP4250026-768x566.jpg 768w, https:\/\/www.browarbury.pl\/wp-content\/uploads\/2020\/01\/aP4250026-1536x1132.jpg 1536w, https:\/\/www.browarbury.pl\/wp-content\/uploads\/2020\/01\/aP4250026-110x81.jpg 110w, https:\/\/www.browarbury.pl\/wp-content\/uploads\/2020\/01\/aP4250026-600x442.jpg 600w\" sizes=\"(max-width: 2404px) 100vw, 2404px\" \/>                        <\/div>\n<\/div>\t\t<\/div>\n\t<\/div>\n<\/div><\/div>[\/vc_column][vc_column width=&#8221;1\/2&#8243; offset=&#8221;vc_col-lg-6 vc_col-md-12 vc_col-xs-12&#8243;]<div class=\"edgtf-elements-holder   edgtf-one-column  edgtf-responsive-mode-768 \" ><div class=\"edgtf-eh-item    \"  data-item-class=\"edgtf-eh-custom-3882\" data-1280-1600=\"10px 0 0 4%\" data-1024-1280=\"0 0 0 30px\" data-768-1024=\"30px 20% 0 0\" data-680-768=\"30px 0% 0 0\" data-680=\"0px 10% 0 0\">\n\t<div class=\"edgtf-eh-item-inner\">\n\t\t<div class=\"edgtf-eh-item-content edgtf-eh-custom-3882\" style=\"padding: 30px 12% 0 0\">\n\t\t\t[vc_empty_space height=&#8221;30px&#8221;]<div class=\"edgtf-section-title-holder  edgtf-st-normal-space\" >\n\t<div class=\"edgtf-st-inner\">\n\t\t\t\t\t<div class=\"edgtf-st-title-wrap\">\n\t\t\t\t\t\t\t\t<h3 class=\"edgtf-st-title\" style=\"margin-bottom: 3px\">\n\t\t\t\t\tO browarze\t\t\t\t<\/h3>\n\t\t\t\t<svg version=\"1.1\" xmlns=\"http:\/\/www.w3.org\/2000\/svg\" xmlns:xlink=\"http:\/\/www.w3.org\/1999\/xlink\" x=\"0px\" y=\"0px\" width=\"62\" height=\"9\" viewBox=\"0 0 41.889 5.875\" enable-background=\"new 0 0 41.889 5.875\" xml:space=\"preserve\">\n\t\t\t\t\t<path fill=\"none\" stroke=\"#ffc123\" stroke-width=\"2.5\" stroke-miterlimit=\"10\" d=\"M41.889,1.408c-1.258,0-2.381,0.506-3.18,1.207 c-0.943,0.826-1.566,1.852-3.801,1.852c-2.236,0-2.896-1.025-3.84-1.852c-0.799-0.701-1.887-1.207-3.143-1.207 c-1.258,0-2.34,0.506-3.139,1.207c-0.943,0.826-1.609,1.852-3.844,1.852s-2.854-1.025-3.797-1.852 c-0.797-0.701-1.928-1.207-3.184-1.207s-2.33,0.506-3.129,1.207C9.895,3.441,9.215,4.466,6.982,4.466 c-2.236,0-2.91-1.025-3.852-1.852C2.332,1.914,1.258,1.408,0,1.408\" \/>\n\t\t\t\t<\/svg>\t\t\t<\/div>\n\t\t\t\t\t<\/div>\n<\/div>[vc_empty_space height=&#8221;30px&#8221;][vc_column_text]\r\n<div class=\"_2cuy _3dgx _2vxa\"><span class=\"_4yxo\">Browar Bury <\/span>to rzemie\u015blniczy browar z <span class=\"_4yxo\">Jaworzna<\/span>. W naszym mie\u015bcie mieszaj\u0105 si\u0119 wp\u0142ywy ma\u0142opolskie, \u015bl\u0105skie i zag\u0142\u0119biowskie, a my wprowadzamy dodatkowy ferment piwny!<\/div>\r\n<div>&nbsp;<\/div>\r\n<div class=\"_2cuy _3dgx _2vxa\">Nasza przygoda z piwowarstwem zacz\u0119\u0142a si\u0119 kilkana\u015bcie lat temu. Wyr\u00f3b piwa by\u0142 naturaln\u0105 konsekwencj\u0105 innych domowych dzia\u0142alno\u015bci &#8211; wyrobu w\u0119dlin i ser\u00f3w. Po wielu latach warzenia piwa w domu przyszed\u0142 czas na realizacj\u0119 marzenia i\u2026<\/div>\r\n<div class=\"_2cuy _3dgx _2vxa\"><span class=\"_4yxo\">W 2019 roku w Jaworznie ruszy\u0142 Browar Bury<\/span>.<\/div>\r\n[\/vc_column_text]\t\t<\/div>\n\t<\/div>\n<\/div><\/div><div class=\"edgtf-elements-holder   edgtf-one-column  edgtf-responsive-mode-768 \" ><div class=\"edgtf-eh-item    \"  data-item-class=\"edgtf-eh-custom-9101\" data-1280-1600=\"10px 0 0 4%\" data-1024-1280=\"0 0 0 30px\" data-768-1024=\"30px 20% 0 0\" data-680-768=\"30px 0% 0 0\" data-680=\"0px 10% 0 0\">\n\t<div class=\"edgtf-eh-item-inner\">\n\t\t<div class=\"edgtf-eh-item-content edgtf-eh-custom-9101\" style=\"padding: 30px 12% 0 0\">\n\t\t\t[vc_empty_space height=&#8221;30px&#8221;]<div class=\"edgtf-section-title-holder  edgtf-st-normal-space\" >\n\t<div class=\"edgtf-st-inner\">\n\t\t\t\t\t<div class=\"edgtf-st-title-wrap\">\n\t\t\t\t\t\t\t\t<h3 class=\"edgtf-st-title\" style=\"margin-bottom: 3px\">\n\t\t\t\t\tO sprz\u0119cie\t\t\t\t<\/h3>\n\t\t\t\t<svg version=\"1.1\" xmlns=\"http:\/\/www.w3.org\/2000\/svg\" xmlns:xlink=\"http:\/\/www.w3.org\/1999\/xlink\" x=\"0px\" y=\"0px\" width=\"62\" height=\"9\" viewBox=\"0 0 41.889 5.875\" enable-background=\"new 0 0 41.889 5.875\" xml:space=\"preserve\">\n\t\t\t\t\t<path fill=\"none\" stroke=\"#ffc123\" stroke-width=\"2.5\" stroke-miterlimit=\"10\" d=\"M41.889,1.408c-1.258,0-2.381,0.506-3.18,1.207 c-0.943,0.826-1.566,1.852-3.801,1.852c-2.236,0-2.896-1.025-3.84-1.852c-0.799-0.701-1.887-1.207-3.143-1.207 c-1.258,0-2.34,0.506-3.139,1.207c-0.943,0.826-1.609,1.852-3.844,1.852s-2.854-1.025-3.797-1.852 c-0.797-0.701-1.928-1.207-3.184-1.207s-2.33,0.506-3.129,1.207C9.895,3.441,9.215,4.466,6.982,4.466 c-2.236,0-2.91-1.025-3.852-1.852C2.332,1.914,1.258,1.408,0,1.408\" \/>\n\t\t\t\t<\/svg>\t\t\t<\/div>\n\t\t\t\t\t<\/div>\n<\/div>[vc_empty_space height=&#8221;30px&#8221;][vc_column_text]\r\n<div class=\"_2cuy _3dgx _2vxa\">\r\n<div class=\"_2cuy _3dgx _2vxa\">Nie chcemy i\u015b\u0107 na kompromisy, postawili\u015bmy na sprz\u0119t najwy\u017cszej jako\u015bci.<\/div>\r\n<div class=\"_2cuy _3dgx _2vxa\">Serce browaru to sprz\u0119t firmy, kt\u00f3rej do\u015bwiadczeniu zaufa\u0142y ju\u017c znane i lubiane browary rzemie\u015blnicze, takie jak Artezan z B\u0142oni, AleBrowar z L\u0119borka, Browar Sp\u00f3\u0142dzielczy z Pucka, Browar Zak\u0142adowy z Poniatowej, Pracownia Piwa z Modlniczki czy Browar \u0141a\u0144cut. Nasza warzelnia ma pojemno\u015b\u0107 26 hektolitr\u00f3w (2600 litr\u00f3w). W jej sk\u0142ad wchodz\u0105 cztery naczynia \u2013 kad\u017a zacierna, kad\u017a warzelna, kad\u017a osadcza (tzw. whirpool) oraz kad\u017a filtracyjna. Wyobra\u017acie sobie, \u017ce to ponad 2000 kilogram\u00f3w stali nierdzewnej. Taki materia\u0142 u\u0142atwia utrzymanie higieny, a przez to pozwala na warzenie piwa na najwy\u017cszym poziomie jako\u015bci. W warzelni powstaje brzeczka.<\/div>\r\n<div>&nbsp;<\/div>\r\n<div class=\"_2cuy _3dgx _2vxa\">Brzeczka w piwo jest zamieniana przez dro\u017cd\u017ce, w trakcie najbardziej wra\u017cliwego etapu w produkcji piwa &#8211; fermentacji. Przebiega ona w tankach fermentacyjno-le\u017cakowych. My mamy takich a\u017c siedemna\u015bcie \u2013 pi\u0119tna\u015bcie ma pojemno\u015b\u0107 4000 litr\u00f3w, a dwa s\u0105 o po\u0142ow\u0119 mniejsze. To w nich dojrzewaj\u0105 nasz piwa.<\/div>\r\n<div class=\"_2cuy _3dgx _2vxa\">Kiedy piwa s\u0105 gotowe, przechodzimy do ostatniego etapu, zanim piwo opu\u015bci browar. Piwo jest pasteryzowane i rozlewane w kegi i butelki. Za proces ten odpowiada z\u0142o\u017cony system urz\u0105dze\u0144.<\/div>\r\n<div>&nbsp;<\/div>\r\n<div class=\"_2cuy _3dgx _2vxa\">Nasz kombajn sk\u0142ada si\u0119 z (1) depaletyzatora, kt\u00f3ry automatycznie przenosi butelki z palet na ta\u015bm\u0119 rozlewnicz\u0105, (2) etykieciarki, kt\u00f3ra oczywi\u015bcie umieszcza etykiety na jeszcze pustych butelkach, (3) pasteryzatora przep\u0142ywowego o wydajno\u015bci 2.000 litr\u00f3w na godzin\u0119, (4) tribloku, kt\u00f3ry myje butelki, ewakuuje z nich niepo\u017c\u0105dany tlen, nape\u0142nia butelki piwem i je kapsluje, (5) suszarki butelek oraz (6) automatycznej pakowarki karton\u00f3w. Te &#8211; pe\u0142ne piwa &#8211; trafiaj\u0105 po chwili do magazynu produktu gotowego, czyli ch\u0142odni o temperaturze kilku stopni Celsjusza. Dzi\u0119ki tym zabiegom piwo d\u0142ugo zachowa \u015bwie\u017co\u015b\u0107 aromatu i smaku.<\/div>\r\n<\/div>\r\n[\/vc_column_text]\t\t<\/div>\n\t<\/div>\n<\/div><\/div><div class=\"edgtf-elements-holder   edgtf-one-column  edgtf-responsive-mode-768 \" ><div class=\"edgtf-eh-item    \"  data-item-class=\"edgtf-eh-custom-4550\" data-1280-1600=\"10px 0 0 4%\" data-1024-1280=\"0 0 0 30px\" data-768-1024=\"30px 20% 0 0\" data-680-768=\"30px 0% 0 0\" data-680=\"0px 10% 0 0\">\n\t<div class=\"edgtf-eh-item-inner\">\n\t\t<div class=\"edgtf-eh-item-content edgtf-eh-custom-4550\" style=\"padding: 30px 12% 0 0\">\n\t\t\t[vc_empty_space height=&#8221;30px&#8221;]<div class=\"edgtf-section-title-holder  edgtf-st-normal-space\" >\n\t<div class=\"edgtf-st-inner\">\n\t\t\t\t\t<div class=\"edgtf-st-title-wrap\">\n\t\t\t\t\t\t\t\t<h3 class=\"edgtf-st-title\" style=\"margin-bottom: 3px\">\n\t\t\t\t\tO piwie\t\t\t\t<\/h3>\n\t\t\t\t<svg version=\"1.1\" xmlns=\"http:\/\/www.w3.org\/2000\/svg\" xmlns:xlink=\"http:\/\/www.w3.org\/1999\/xlink\" x=\"0px\" y=\"0px\" width=\"62\" height=\"9\" viewBox=\"0 0 41.889 5.875\" enable-background=\"new 0 0 41.889 5.875\" xml:space=\"preserve\">\n\t\t\t\t\t<path fill=\"none\" stroke=\"#ffc123\" stroke-width=\"2.5\" stroke-miterlimit=\"10\" d=\"M41.889,1.408c-1.258,0-2.381,0.506-3.18,1.207 c-0.943,0.826-1.566,1.852-3.801,1.852c-2.236,0-2.896-1.025-3.84-1.852c-0.799-0.701-1.887-1.207-3.143-1.207 c-1.258,0-2.34,0.506-3.139,1.207c-0.943,0.826-1.609,1.852-3.844,1.852s-2.854-1.025-3.797-1.852 c-0.797-0.701-1.928-1.207-3.184-1.207s-2.33,0.506-3.129,1.207C9.895,3.441,9.215,4.466,6.982,4.466 c-2.236,0-2.91-1.025-3.852-1.852C2.332,1.914,1.258,1.408,0,1.408\" \/>\n\t\t\t\t<\/svg>\t\t\t<\/div>\n\t\t\t\t\t<\/div>\n<\/div>[vc_empty_space height=&#8221;30px&#8221;][vc_column_text]\r\n<div class=\"_2cuy _3dgx _2vxa\">\r\n<div class=\"_2cuy _3dgx _2vxa\">\r\n<div class=\"_2cuy _3dgx _2vxa\">Bardzo bliska jest nam piwna klasyka, st\u0105d na pocz\u0105tek naszej przygody uwarzyli\u015bmy <span class=\"_4yxo\">Czeskiego Lagera<\/span> (taka czeska <span class=\"_4yxp\">desitka<\/span>), <span class=\"_4yxo\">Pilznera<\/span>, <span class=\"_4yxo\">Pszeniczne<\/span>. B\u0119dziemy tak\u017ce surfowa\u0107 po nowej fali, dlatego zdecydowali\u015bmy si\u0119 na <span class=\"_4yxo\">Milk Stout<\/span>, <span class=\"_4yxo\">Sweet Stout <\/span>(z kaw\u0105 i tonk\u0105), <span class=\"_4yxo\">New Zealand Session IPA<\/span> oraz <span class=\"_4yxo\">Vermont IPA<\/span>. Kolejny krok to <span class=\"_4yxo\">Sour Ale Czarna Porzeczka<\/span>, <span class=\"_4yxo\">Ameryka\u0144ska Pszenica<\/span>, <span class=\"_4yxo\">Witbier<\/span> i <span class=\"_4yxo\">Wheat IPA<\/span>.<\/div>\r\n<div>&nbsp;<\/div>\r\n<div class=\"_2cuy _3dgx _2vxa\">Sami nie mo\u017cemy doczeka\u0107 si\u0119 kolejnych piw!<\/div>\r\n<\/div>\r\n<\/div>\r\n[\/vc_column_text]\t\t<\/div>\n\t<\/div>\n<\/div><\/div>[vc_empty_space height=&#8221;28px&#8221;][\/vc_column][\/vc_row][vc_row][vc_column][vc_widget_sidebar sidebar_id=&#8221;content-bottom&#8221;][\/vc_column][\/vc_row]","protected":false},"excerpt":{"rendered":"[vc_row row_content_width=&#8221;grid&#8221; css=&#8221;.vc_custom_1520422251806{padding-bottom: 100px !important;}&#8221;][vc_column width=&#8221;1\/2&#8243; offset=&#8221;vc_col-lg-6 vc_col-md-12 vc_col-xs-12&#8243;][\/vc_column][vc_column width=&#8221;1\/2&#8243; offset=&#8221;vc_col-lg-6 vc_col-md-12 vc_col-xs-12&#8243;][vc_empty_space height=&#8221;28px&#8221;][\/vc_column][\/vc_row][vc_row][vc_column][vc_widget_sidebar sidebar_id=&#8221;content-bottom&#8221;][\/vc_column][\/vc_row]","protected":false},"author":1,"featured_media":0,"parent":0,"menu_order":0,"comment_status":"closed","ping_status":"closed","template":"full-width.php","meta":{"ngg_post_thumbnail":0},"_links":{"self":[{"href":"https:\/\/www.browarbury.pl\/index.php\/wp-json\/wp\/v2\/pages\/348"}],"collection":[{"href":"https:\/\/www.browarbury.pl\/index.php\/wp-json\/wp\/v2\/pages"}],"about":[{"href":"https:\/\/www.browarbury.pl\/index.php\/wp-json\/wp\/v2\/types\/page"}],"author":[{"embeddable":true,"href":"https:\/\/www.browarbury.pl\/index.php\/wp-json\/wp\/v2\/users\/1"}],"replies":[{"embeddable":true,"href":"https:\/\/www.browarbury.pl\/index.php\/wp-json\/wp\/v2\/comments?post=348"}],"version-history":[{"count":28,"href":"https:\/\/www.browarbury.pl\/index.php\/wp-json\/wp\/v2\/pages\/348\/revisions"}],"predecessor-version":[{"id":4506,"href":"https:\/\/www.browarbury.pl\/index.php\/wp-json\/wp\/v2\/pages\/348\/revisions\/4506"}],"wp:attachment":[{"href":"https:\/\/www.browarbury.pl\/index.php\/wp-json\/wp\/v2\/media?parent=348"}],"curies":[{"name":"wp","href":"https:\/\/api.w.org\/{rel}","templated":true}]}}