{"id":3761,"date":"2018-02-14T14:43:51","date_gmt":"2018-02-14T14:43:51","guid":{"rendered":"http:\/\/pintsandcrafts.edge-themes.com\/?page_id=196"},"modified":"2025-01-24T11:16:24","modified_gmt":"2025-01-24T11:16:24","slug":"meet-the-team","status":"publish","type":"page","link":"https:\/\/www.browarbury.pl\/index.php\/meet-the-team\/","title":{"rendered":"Poznaj ekip\u0119 Burego"},"content":{"rendered":"[vc_row row_content_width=&#8221;grid&#8221; content_text_aligment=&#8221;center&#8221; css=&#8221;.vc_custom_1521450294064{padding-bottom: 80px !important;}&#8221;][vc_column offset=&#8221;vc_col-lg-4 vc_col-md-4 vc_col-xs-12&#8243;]<div class=\"edgtf-team-holder edgtf-team-info-below-image\">\n\t<div class=\"edgtf-team-inner\">\n\t\t\t\t\t<div class=\"edgtf-team-image\">\n                <img width=\"2048\" height=\"1585\" src=\"https:\/\/www.browarbury.pl\/wp-content\/uploads\/2020\/01\/36322694_884991271699247_4823902216538554368_o.jpg\" class=\"attachment-full size-full\" alt=\"\" loading=\"lazy\" srcset=\"https:\/\/www.browarbury.pl\/wp-content\/uploads\/2020\/01\/36322694_884991271699247_4823902216538554368_o.jpg 2048w, https:\/\/www.browarbury.pl\/wp-content\/uploads\/2020\/01\/36322694_884991271699247_4823902216538554368_o-300x232.jpg 300w, https:\/\/www.browarbury.pl\/wp-content\/uploads\/2020\/01\/36322694_884991271699247_4823902216538554368_o-1024x793.jpg 1024w, https:\/\/www.browarbury.pl\/wp-content\/uploads\/2020\/01\/36322694_884991271699247_4823902216538554368_o-768x594.jpg 768w, https:\/\/www.browarbury.pl\/wp-content\/uploads\/2020\/01\/36322694_884991271699247_4823902216538554368_o-1536x1189.jpg 1536w, https:\/\/www.browarbury.pl\/wp-content\/uploads\/2020\/01\/36322694_884991271699247_4823902216538554368_o-110x85.jpg 110w, https:\/\/www.browarbury.pl\/wp-content\/uploads\/2020\/01\/36322694_884991271699247_4823902216538554368_o-600x464.jpg 600w\" sizes=\"(max-width: 2048px) 100vw, 2048px\" \/>\t\t\t\t\t\t\t<\/div>\n\t\t\t\t<div class=\"edgtf-team-info\">\n\t\t\t\t\t\t\t<h4 class=\"edgtf-team-name\" >Robert Bury<\/h4>\n\t\t\t\t\t\t\t\t\t\t<h6 class=\"edgtf-team-position\" >Za\u0142o\u017cyciel i szef browaru<\/h6>\n\t\t\t\t\t\t\t\t\t\t<p class=\"edgtf-team-text\" >Robert jest szefem, nawet dyrektora. To do\u015bwiadczony piwowar domowy i biznesmen. To dzi\u0119ki niemu powsta\u0142 browar w Jaworznie. Codziennie g\u0142\u00f3wkuje i planuje strategi\u0119, aby\u015bcie mogli pi\u0107 dobre piwo.<\/p>\n\t\t\t\t\t<\/div>\n\t<\/div>\n<\/div>[vc_empty_space height=&#8221;40px&#8221;][\/vc_column][vc_column offset=&#8221;vc_col-lg-4 vc_col-md-4 vc_col-xs-12&#8243;]<div class=\"edgtf-team-holder edgtf-team-info-below-image\">\n\t<div class=\"edgtf-team-inner\">\n\t\t\t\t\t<div class=\"edgtf-team-image\">\n                <img width=\"2560\" height=\"2139\" src=\"https:\/\/www.browarbury.pl\/wp-content\/uploads\/2020\/01\/aP7250137-scaled.jpg\" class=\"attachment-full size-full\" alt=\"\" loading=\"lazy\" srcset=\"https:\/\/www.browarbury.pl\/wp-content\/uploads\/2020\/01\/aP7250137-scaled.jpg 2560w, https:\/\/www.browarbury.pl\/wp-content\/uploads\/2020\/01\/aP7250137-300x251.jpg 300w, https:\/\/www.browarbury.pl\/wp-content\/uploads\/2020\/01\/aP7250137-1024x856.jpg 1024w, https:\/\/www.browarbury.pl\/wp-content\/uploads\/2020\/01\/aP7250137-768x642.jpg 768w, https:\/\/www.browarbury.pl\/wp-content\/uploads\/2020\/01\/aP7250137-1536x1284.jpg 1536w, https:\/\/www.browarbury.pl\/wp-content\/uploads\/2020\/01\/aP7250137-110x92.jpg 110w, https:\/\/www.browarbury.pl\/wp-content\/uploads\/2020\/01\/aP7250137-600x501.jpg 600w\" sizes=\"(max-width: 2560px) 100vw, 2560px\" \/>\t\t\t\t\t\t\t<\/div>\n\t\t\t\t<div class=\"edgtf-team-info\">\n\t\t\t\t\t\t\t<h4 class=\"edgtf-team-name\" >Mateusz Matyaszek<\/h4>\n\t\t\t\t\t\t\t\t\t\t<h6 class=\"edgtf-team-position\" >Piwowar<\/h6>\n\t\t\t\t\t\t\t\t\t\t<p class=\"edgtf-team-text\" >Mateusza powinni\u015bcie kojarzy\u0107, jako piwowar i dyrektor jest odpowiedzialny za og\u00f3lne funkcjonowanie browaru, je\u015bli co\u015b w browarze dzia\u0142a lub nie dzia\u0142a, to on na pewno wie co, jak i dlaczego.<\/p>\n\t\t\t\t\t<\/div>\n\t<\/div>\n<\/div>[vc_empty_space height=&#8221;40px&#8221;][\/vc_column][vc_column offset=&#8221;vc_col-lg-4 vc_col-md-4 vc_col-xs-12&#8243;]<div class=\"edgtf-team-holder edgtf-team-info-below-image\">\n\t<div class=\"edgtf-team-inner\">\n\t\t\t\t\t<div class=\"edgtf-team-image\">\n                <img width=\"2560\" height=\"1887\" src=\"https:\/\/www.browarbury.pl\/wp-content\/uploads\/2020\/01\/aPB210115-scaled.jpg\" class=\"attachment-full size-full\" alt=\"\" loading=\"lazy\" srcset=\"https:\/\/www.browarbury.pl\/wp-content\/uploads\/2020\/01\/aPB210115-scaled.jpg 2560w, https:\/\/www.browarbury.pl\/wp-content\/uploads\/2020\/01\/aPB210115-300x221.jpg 300w, https:\/\/www.browarbury.pl\/wp-content\/uploads\/2020\/01\/aPB210115-1024x755.jpg 1024w, https:\/\/www.browarbury.pl\/wp-content\/uploads\/2020\/01\/aPB210115-768x566.jpg 768w, https:\/\/www.browarbury.pl\/wp-content\/uploads\/2020\/01\/aPB210115-1536x1132.jpg 1536w, https:\/\/www.browarbury.pl\/wp-content\/uploads\/2020\/01\/aPB210115-110x81.jpg 110w, https:\/\/www.browarbury.pl\/wp-content\/uploads\/2020\/01\/aPB210115-600x442.jpg 600w\" sizes=\"(max-width: 2560px) 100vw, 2560px\" \/>\t\t\t\t\t\t\t<\/div>\n\t\t\t\t<div class=\"edgtf-team-info\">\n\t\t\t\t\t\t\t<h4 class=\"edgtf-team-name\" >Bartosz Bury<\/h4>\n\t\t\t\t\t\t\t\t\t\t<h6 class=\"edgtf-team-position\" >Brygada specjalna<\/h6>\n\t\t\t\t\t\t\t\t\t\t<p class=\"edgtf-team-text\" >Brygada do zada\u0144 specjalnych. Kiedy pracy w browarze jest tak du\u017co, \u017ce sobie z ni\u0105 nie radzimy, pojawia si\u0119 Bartosz. Potrafi wiele, nawet je\u017adzi\u0107 w\u00f3zkiem wid\u0142owym w bok.<\/p>\n\t\t\t\t\t<\/div>\n\t<\/div>\n<\/div>[vc_empty_space height=&#8221;40px&#8221;][\/vc_column][\/vc_row][vc_row row_content_width=&#8221;grid&#8221; content_text_aligment=&#8221;center&#8221; css=&#8221;.vc_custom_1521450294064{padding-bottom: 80px !important;}&#8221;][vc_column offset=&#8221;vc_col-lg-4 vc_col-md-4 vc_col-xs-12&#8243;]<div class=\"edgtf-team-holder edgtf-team-info-below-image\">\n\t<div class=\"edgtf-team-inner\">\n\t\t\t\t\t<div class=\"edgtf-team-image\">\n                <img width=\"2200\" height=\"1733\" src=\"https:\/\/www.browarbury.pl\/wp-content\/uploads\/2020\/01\/aPB210121.jpg\" class=\"attachment-full size-full\" alt=\"\" loading=\"lazy\" srcset=\"https:\/\/www.browarbury.pl\/wp-content\/uploads\/2020\/01\/aPB210121.jpg 2200w, https:\/\/www.browarbury.pl\/wp-content\/uploads\/2020\/01\/aPB210121-300x236.jpg 300w, https:\/\/www.browarbury.pl\/wp-content\/uploads\/2020\/01\/aPB210121-1024x807.jpg 1024w, https:\/\/www.browarbury.pl\/wp-content\/uploads\/2020\/01\/aPB210121-768x605.jpg 768w, https:\/\/www.browarbury.pl\/wp-content\/uploads\/2020\/01\/aPB210121-1536x1210.jpg 1536w, https:\/\/www.browarbury.pl\/wp-content\/uploads\/2020\/01\/aPB210121-110x87.jpg 110w, https:\/\/www.browarbury.pl\/wp-content\/uploads\/2020\/01\/aPB210121-600x473.jpg 600w\" sizes=\"(max-width: 2200px) 100vw, 2200px\" \/>\t\t\t\t\t\t\t<\/div>\n\t\t\t\t<div class=\"edgtf-team-info\">\n\t\t\t\t\t\t\t<h4 class=\"edgtf-team-name\" >Marzena G\u0142owacz<\/h4>\n\t\t\t\t\t\t\t\t\t\t<h6 class=\"edgtf-team-position\" >Brygada specjalna<\/h6>\n\t\t\t\t\t\t\t\t\t\t<p class=\"edgtf-team-text\" >Brygada do zada\u0144 specjalnych. Kiedy pracy w browarze jest tak du\u017co, \u017ce sobie z ni\u0105 nie radzimy, pojawia si\u0119 Marzena. Si\u0142a spokoju i kompetencji.<\/p>\n\t\t\t\t\t<\/div>\n\t<\/div>\n<\/div>[vc_empty_space height=&#8221;40px&#8221;][\/vc_column][vc_column offset=&#8221;vc_col-lg-4 vc_col-md-4 vc_col-xs-12&#8243;]<div class=\"edgtf-team-holder edgtf-team-info-below-image\">\n\t<div class=\"edgtf-team-inner\">\n\t\t\t\t\t<div class=\"edgtf-team-image\">\n                <img width=\"1216\" height=\"1192\" src=\"https:\/\/www.browarbury.pl\/wp-content\/uploads\/2020\/01\/aPB210086.jpg\" class=\"attachment-full size-full\" alt=\"\" loading=\"lazy\" srcset=\"https:\/\/www.browarbury.pl\/wp-content\/uploads\/2020\/01\/aPB210086.jpg 1216w, https:\/\/www.browarbury.pl\/wp-content\/uploads\/2020\/01\/aPB210086-300x294.jpg 300w, https:\/\/www.browarbury.pl\/wp-content\/uploads\/2020\/01\/aPB210086-1024x1004.jpg 1024w, https:\/\/www.browarbury.pl\/wp-content\/uploads\/2020\/01\/aPB210086-768x753.jpg 768w, https:\/\/www.browarbury.pl\/wp-content\/uploads\/2020\/01\/aPB210086-110x108.jpg 110w, https:\/\/www.browarbury.pl\/wp-content\/uploads\/2020\/01\/aPB210086-600x588.jpg 600w\" sizes=\"(max-width: 1216px) 100vw, 1216px\" \/>\t\t\t\t\t\t\t<\/div>\n\t\t\t\t<div class=\"edgtf-team-info\">\n\t\t\t\t\t\t\t<h4 class=\"edgtf-team-name\" >\u015apiewka<\/h4>\n\t\t\t\t\t\t\t\t\t\t<h6 class=\"edgtf-team-position\" >Go\u0144czy Polski<\/h6>\n\t\t\t\t\t\t\t\t\t\t<p class=\"edgtf-team-text\" >Specjalistka od dobrej atmosfery, pies go\u0144czy polski. Kiedy nie rozwesela ca\u0142ej ekipy, toczy boje z okolicznymi dzikami<\/p>\n\t\t\t\t\t<\/div>\n\t<\/div>\n<\/div>[vc_empty_space height=&#8221;40px&#8221;][\/vc_column][\/vc_row][vc_row row_content_width=&#8221;grid&#8221; content_text_aligment=&#8221;center&#8221; css=&#8221;.vc_custom_1521450294064{padding-bottom: 80px !important;}&#8221;][vc_column offset=&#8221;vc_col-lg-4 vc_col-md-4 vc_col-xs-12&#8243;][\/vc_column][vc_column offset=&#8221;vc_col-lg-4 vc_col-md-4 vc_col-xs-12&#8243;][\/vc_column][\/vc_row][vc_row parallax_background_image=&#8221;218&#8243;][vc_column][vc_row_inner row_content_width=&#8221;grid&#8221;][vc_column_inner width=&#8221;1\/2&#8243; offset=&#8221;vc_col-lg-6 vc_col-md-6 vc_col-xs-12&#8243;]<div class=\"edgtf-elements-holder   edgtf-one-column  edgtf-responsive-mode-768 \" ><div class=\"edgtf-eh-item    \"  data-item-class=\"edgtf-eh-custom-1139\" data-1280-1600=\"121px 2% 17% 0\" data-1024-1280=\"22% 0 0 0\" data-768-1024=\"33% 0 0 0\" data-680-768=\"20% 0% 0 0\" data-680=\"42% 2% 0 0\">\n\t<div class=\"edgtf-eh-item-inner\">\n\t\t<div class=\"edgtf-eh-item-content edgtf-eh-custom-1139\" style=\"padding: 120px 2% 0 0\">\n\t\t\t<div class=\"edgtf-section-title-holder  edgtf-st-normal-space\" >\n\t<div class=\"edgtf-st-inner\">\n\t\t\t\t\t<div class=\"edgtf-st-title-wrap\">\n\t\t\t\t\t\t\t\t<h2 class=\"edgtf-st-title\" style=\"margin-bottom: 10px\">\n\t\t\t\t\tDo\u0142\u0105cz do nas!\t\t\t\t<\/h2>\n\t\t\t\t<svg version=\"1.1\" xmlns=\"http:\/\/www.w3.org\/2000\/svg\" xmlns:xlink=\"http:\/\/www.w3.org\/1999\/xlink\" x=\"0px\" y=\"0px\" width=\"62\" height=\"9\" viewBox=\"0 0 41.889 5.875\" enable-background=\"new 0 0 41.889 5.875\" xml:space=\"preserve\">\n\t\t\t\t\t<path fill=\"none\" stroke=\"#ffc123\" stroke-width=\"2.5\" stroke-miterlimit=\"10\" d=\"M41.889,1.408c-1.258,0-2.381,0.506-3.18,1.207 c-0.943,0.826-1.566,1.852-3.801,1.852c-2.236,0-2.896-1.025-3.84-1.852c-0.799-0.701-1.887-1.207-3.143-1.207 c-1.258,0-2.34,0.506-3.139,1.207c-0.943,0.826-1.609,1.852-3.844,1.852s-2.854-1.025-3.797-1.852 c-0.797-0.701-1.928-1.207-3.184-1.207s-2.33,0.506-3.129,1.207C9.895,3.441,9.215,4.466,6.982,4.466 c-2.236,0-2.91-1.025-3.852-1.852C2.332,1.914,1.258,1.408,0,1.408\" \/>\n\t\t\t\t<\/svg>\t\t\t<\/div>\n\t\t\t\t\t<\/div>\n<\/div>[vc_column_text]Warzenie piwa to Twoja pasja? Mo\u017ce chcia\u0142by\u015b nauczy\u0107 si\u0119 czego\u015b nowego i w\u015br\u00f3d naprawd\u0119 pozytywnych ludzi m\u00f3c rozwija\u0107 swoje zainteresowania? Daj nam zna\u0107, mo\u017ce to w\u0142a\u015bnie Ty staniesz si\u0119 kolejnym ogniwem naszego browarowego sk\u0142adu!\r\n\r\n<strong>Skontaktuj si\u0119 z nami!<\/strong>[\/vc_column_text][vc_empty_space height=&#8221;100px&#8221;]\t\t<\/div>\n\t<\/div>\n<\/div><\/div>[\/vc_column_inner][vc_column_inner width=&#8221;1\/2&#8243;][\/vc_column_inner][\/vc_row_inner][\/vc_column][\/vc_row]","protected":false},"excerpt":{"rendered":"[vc_row row_content_width=&#8221;grid&#8221; content_text_aligment=&#8221;center&#8221; css=&#8221;.vc_custom_1521450294064{padding-bottom: 80px !important;}&#8221;][vc_column offset=&#8221;vc_col-lg-4 vc_col-md-4 vc_col-xs-12&#8243;][vc_empty_space height=&#8221;40px&#8221;][\/vc_column][vc_column offset=&#8221;vc_col-lg-4 vc_col-md-4 vc_col-xs-12&#8243;][vc_empty_space height=&#8221;40px&#8221;][\/vc_column][vc_column offset=&#8221;vc_col-lg-4 vc_col-md-4 vc_col-xs-12&#8243;][vc_empty_space height=&#8221;40px&#8221;][\/vc_column][\/vc_row][vc_row row_content_width=&#8221;grid&#8221; content_text_aligment=&#8221;center&#8221; css=&#8221;.vc_custom_1521450294064{padding-bottom: 80px !important;}&#8221;][vc_column offset=&#8221;vc_col-lg-4 vc_col-md-4 vc_col-xs-12&#8243;][vc_empty_space height=&#8221;40px&#8221;][\/vc_column][vc_column offset=&#8221;vc_col-lg-4 vc_col-md-4 vc_col-xs-12&#8243;][vc_empty_space height=&#8221;40px&#8221;][\/vc_column][\/vc_row][vc_row row_content_width=&#8221;grid&#8221; content_text_aligment=&#8221;center&#8221; css=&#8221;.vc_custom_1521450294064{padding-bottom: 80px !important;}&#8221;][vc_column offset=&#8221;vc_col-lg-4 vc_col-md-4 vc_col-xs-12&#8243;][\/vc_column][vc_column offset=&#8221;vc_col-lg-4 [&hellip;]","protected":false},"author":1,"featured_media":0,"parent":0,"menu_order":0,"comment_status":"closed","ping_status":"closed","template":"full-width.php","meta":{"ngg_post_thumbnail":0},"_links":{"self":[{"href":"https:\/\/www.browarbury.pl\/index.php\/wp-json\/wp\/v2\/pages\/3761"}],"collection":[{"href":"https:\/\/www.browarbury.pl\/index.php\/wp-json\/wp\/v2\/pages"}],"about":[{"href":"https:\/\/www.browarbury.pl\/index.php\/wp-json\/wp\/v2\/types\/page"}],"author":[{"embeddable":true,"href":"https:\/\/www.browarbury.pl\/index.php\/wp-json\/wp\/v2\/users\/1"}],"replies":[{"embeddable":true,"href":"https:\/\/www.browarbury.pl\/index.php\/wp-json\/wp\/v2\/comments?post=3761"}],"version-history":[{"count":42,"href":"https:\/\/www.browarbury.pl\/index.php\/wp-json\/wp\/v2\/pages\/3761\/revisions"}],"predecessor-version":[{"id":4700,"href":"https:\/\/www.browarbury.pl\/index.php\/wp-json\/wp\/v2\/pages\/3761\/revisions\/4700"}],"wp:attachment":[{"href":"https:\/\/www.browarbury.pl\/index.php\/wp-json\/wp\/v2\/media?parent=3761"}],"curies":[{"name":"wp","href":"https:\/\/api.w.org\/{rel}","templated":true}]}}