{"id":4663,"date":"2022-09-22T13:34:44","date_gmt":"2022-09-22T13:34:44","guid":{"rendered":"http:\/\/www.browarbury.pl\/?page_id=4663"},"modified":"2023-11-30T12:48:32","modified_gmt":"2023-11-30T12:48:32","slug":"ue","status":"publish","type":"page","link":"https:\/\/www.browarbury.pl\/index.php\/ue\/","title":{"rendered":"ue"},"content":{"rendered":"\n<figure class=\"wp-block-image size-large\"><img loading=\"lazy\" width=\"694\" height=\"477\" src=\"http:\/\/www.browarbury.pl\/wp-content\/uploads\/2022\/08\/Bez-tytulu.png\" alt=\"\" class=\"wp-image-4660\" srcset=\"https:\/\/www.browarbury.pl\/wp-content\/uploads\/2022\/08\/Bez-tytulu.png 694w, https:\/\/www.browarbury.pl\/wp-content\/uploads\/2022\/08\/Bez-tytulu-300x206.png 300w, https:\/\/www.browarbury.pl\/wp-content\/uploads\/2022\/08\/Bez-tytulu-110x76.png 110w, https:\/\/www.browarbury.pl\/wp-content\/uploads\/2022\/08\/Bez-tytulu-600x412.png 600w\" sizes=\"(max-width: 694px) 100vw, 694px\" \/><\/figure>\n\n\n\n<hr class=\"wp-block-separator is-style-wide\"\/>\n\n\n\n<p class=\"has-black-color has-text-color has-medium-font-size\">\u201e<strong>Przeprowadzenie prac B+R celem opracowania innowacyjnej technologii propagacji dro\u017cd\u017cy szans\u0105 na rozw\u00f3j firmy\u201d.<\/strong><\/p>\n\n\n\n<p class=\"has-black-color has-text-color\">Celem projektu jest przeprowadzenie dzia\u0142a\u0144 badawczo-rozwojowych w przedsi\u0119biorstwie, celem opracowania nowej technologii propagacji dro\u017cd\u017cy. Wnioskodawca w ramach realizacji projektu opracuje technologi\u0119 kt\u00f3ra pozwoli na nadanie tworzonym napojom walor\u00f3w smakowych, podniesienie ich jako\u015bci, a tak\u017ce uzyskanie w\u0142a\u015bciwo\u015bci prozdrowotnych.<\/p>\n\n\n\n<p class=\"has-black-color has-text-color\">Dzi\u0119ki projektowi Wnioskodawca zwi\u0119kszy przewag\u0119 konkurencyjn\u0105 na polskim rynku, a tak\u017ce poszerzy swoj\u0105 dzia\u0142alno\u015b\u0107 o rynki zagraniczne. Dzi\u0119ki osi\u0105gni\u0119ciu wy\u017cszej wydajno\u015bci ekonomicznej i jako\u015bciowej, Wnioskodawca opracuje nowe produkty w postaci napoj\u00f3w o podwy\u017cszonych walorach smakowych, wzbogacone o dodatki funkcjonalne, jak i o cechach prozdrowotnych. W przedsi\u0119biorstwie rozwini\u0119ta zostanie dzia\u0142alno\u015b\u0107 eksportowa.<\/p>\n\n\n\n<p class=\"has-black-color has-text-color\">W ramach projektu opracowana zostanie innowacyjna technologia, pozwalaj\u0105ca nie tylko na uzyskanie produkt\u00f3w o wy\u017cszych walorach i wy\u017cszej jako\u015bci, ale tak\u017ce o pozytywnym wp\u0142ywie na \u015brodowisko &#8211; opracowana procedura odzysku piwa z dro\u017cd\u017cy poprodukcyjnych przy zastosowaniu specjalnej wir\u00f3wki zmniejszy obci\u0105\u017cenie biologiczne \u015bciek\u00f3w poprodukcyjnych.<\/p>\n\n\n\n<p class=\"has-black-color has-text-color\">Warto\u015b\u0107 projektu: 1 573 399,52 PLN<\/p>\n\n\n\n<p class=\"has-black-color has-text-color\">Wk\u0142ad Funduszy Europejskich: 1 130 035,73 PLN<\/p>\n\n\n\n<p><\/p>\n\n\n\n<hr class=\"wp-block-separator is-style-wide\"\/>\n\n\n\n<p class=\"has-black-color has-text-color\"><\/p>\n\n\n\n<p class=\"has-black-color has-text-color has-medium-font-size\"><\/p>\n\n\n\n<p class=\"has-black-color has-text-color\"><\/p>\n\n\n\n<p class=\"has-black-color has-text-color\"><\/p>\n\n\n\n<p class=\"has-black-color has-text-color\"><\/p>\n\n\n\n<p class=\"has-black-color has-text-color\"><\/p>\n","protected":false},"excerpt":{"rendered":"\u201ePrzeprowadzenie prac B+R celem opracowania innowacyjnej technologii propagacji dro\u017cd\u017cy szans\u0105 na rozw\u00f3j firmy\u201d. Celem projektu jest przeprowadzenie dzia\u0142a\u0144 badawczo-rozwojowych w przedsi\u0119biorstwie, celem opracowania nowej technologii propagacji dro\u017cd\u017cy. Wnioskodawca w ramach realizacji projektu opracuje technologi\u0119 kt\u00f3ra pozwoli na nadanie tworzonym napojom [&hellip;]","protected":false},"author":1,"featured_media":0,"parent":0,"menu_order":0,"comment_status":"closed","ping_status":"closed","template":"","meta":{"ngg_post_thumbnail":0},"_links":{"self":[{"href":"https:\/\/www.browarbury.pl\/index.php\/wp-json\/wp\/v2\/pages\/4663"}],"collection":[{"href":"https:\/\/www.browarbury.pl\/index.php\/wp-json\/wp\/v2\/pages"}],"about":[{"href":"https:\/\/www.browarbury.pl\/index.php\/wp-json\/wp\/v2\/types\/page"}],"author":[{"embeddable":true,"href":"https:\/\/www.browarbury.pl\/index.php\/wp-json\/wp\/v2\/users\/1"}],"replies":[{"embeddable":true,"href":"https:\/\/www.browarbury.pl\/index.php\/wp-json\/wp\/v2\/comments?post=4663"}],"version-history":[{"count":3,"href":"https:\/\/www.browarbury.pl\/index.php\/wp-json\/wp\/v2\/pages\/4663\/revisions"}],"predecessor-version":[{"id":4677,"href":"https:\/\/www.browarbury.pl\/index.php\/wp-json\/wp\/v2\/pages\/4663\/revisions\/4677"}],"wp:attachment":[{"href":"https:\/\/www.browarbury.pl\/index.php\/wp-json\/wp\/v2\/media?parent=4663"}],"curies":[{"name":"wp","href":"https:\/\/api.w.org\/{rel}","templated":true}]}}